{"id":489,"date":"2023-04-17T11:19:42","date_gmt":"2023-04-17T08:19:42","guid":{"rendered":"https:\/\/inplace.fi\/inplace-solutions\/"},"modified":"2023-08-24T14:13:28","modified_gmt":"2023-08-24T11:13:28","slug":"inplace-solutions","status":"publish","type":"page","link":"https:\/\/inplace.fi\/en\/","title":{"rendered":"InPlace Solutions"},"content":{"rendered":"<p>[et_pb_section fb_built=&#8221;1&#8243; admin_label=&#8221;hero&#8211;section&#8221; module_class=&#8221;hero&#8211;section&#8221; _builder_version=&#8221;4.20.2&#8243; _module_preset=&#8221;default&#8221; use_background_color_gradient=&#8221;on&#8221; background_color_gradient_direction=&#8221;210deg&#8221; background_color_gradient_stops=&#8221;rgba(0,0,0,0) 30%|rgba(0,0,0,0) 100%&#8221; background_color_gradient_overlays_image=&#8221;on&#8221; background_image=&#8221;\/wp-content\/uploads\/2023\/04\/InPlace-Solutions.jpg&#8221; background_position=&#8221;bottom_center&#8221; collapsed=&#8221;off&#8221; global_colors_info=&#8221;{}&#8221;][et_pb_row module_class=&#8221;hero&#8211;row&#8221; _builder_version=&#8221;4.17.4&#8243; _module_preset=&#8221;default&#8221; global_colors_info=&#8221;{}&#8221;][et_pb_column type=&#8221;4_4&#8243; module_class=&#8221;hero&#8211;row&#8211;column with&#8211;padding&#8221; _builder_version=&#8221;4.17.4&#8243; _module_preset=&#8221;default&#8221; global_colors_info=&#8221;{}&#8221;][et_pb_text admin_label=&#8221;Datasta tiedoksi&#8221; module_class=&#8221;mb-0&#8243; _builder_version=&#8221;4.20.2&#8243; _module_preset=&#8221;default&#8221; global_colors_info=&#8221;{}&#8221;]<\/p>\n<h4>From Data to Information<\/h4>\n<p>[\/et_pb_text][et_pb_text admin_label=&#8221;Tilannetietoisuutta ja trendej\u00e4 p\u00e4\u00e4t\u00f6ksenteon tueksi&#8221; _builder_version=&#8221;4.20.2&#8243; _module_preset=&#8221;default&#8221; global_colors_info=&#8221;{}&#8221;]<\/p>\n<h1>Situational Awareness and Trends to support your decision making<\/h1>\n<p>[\/et_pb_text][et_pb_text _builder_version=&#8221;4.20.2&#8243; _module_preset=&#8221;default&#8221; header_font_size_tablet=&#8221;55px&#8221; header_font_size_last_edited=&#8221;off|desktop&#8221; global_colors_info=&#8221;{}&#8221;]The InPlace Analytics Portfolio provides OSINT and GIS solutions to create spatiotemporal information as support decision making.<br \/>\nYou can use our solutions to create a situational awareness of your operational environment and create contexts from trends, phenomena and events that span more than meets the eye.<br \/>\nWe want to tell you more about different ways to implement these solutions and ask you to get in touch on info(at)inplace.fi and tell us your requirements. We will then tailor our presentation and demonstration to your specific needs and help you evaluate how our solutions can provide value for your organisation.[\/et_pb_text][et_pb_button button_url=&#8221;\/en\/contact\/&#8221; button_text=&#8221;Contact us&#8221; _builder_version=&#8221;4.20.2&#8243; _module_preset=&#8221;default&#8221; custom_button=&#8221;on&#8221; locked=&#8221;off&#8221; global_colors_info=&#8221;{}&#8221;][\/et_pb_button][\/et_pb_column][\/et_pb_row][\/et_pb_section][et_pb_section fb_built=&#8221;1&#8243; admin_label=&#8221;content&#8211;section&#8221; module_class=&#8221;content&#8211;section&#8221; _builder_version=&#8221;4.17.4&#8243; _module_preset=&#8221;default&#8221; locked=&#8221;off&#8221; collapsed=&#8221;off&#8221; global_colors_info=&#8221;{}&#8221;][et_pb_row column_structure=&#8221;1_2,1_2&#8243; make_equal=&#8221;on&#8221; module_class=&#8221;content&#8211;row width&#8211;1440&#8243; _builder_version=&#8221;4.20.2&#8243; _module_preset=&#8221;default&#8221; global_colors_info=&#8221;{}&#8221;][et_pb_column type=&#8221;1_2&#8243; module_class=&#8221;vertical-align-flex&#8221; _builder_version=&#8221;4.20.2&#8243; _module_preset=&#8221;default&#8221; global_colors_info=&#8221;{}&#8221;][et_pb_image src=&#8221;\/wp-content\/uploads\/2023\/06\/InPlace-Solutions-OSINT-1600px.jpg&#8221; _builder_version=&#8221;4.20.2&#8243; _module_preset=&#8221;default&#8221; global_colors_info=&#8221;{}&#8221;][\/et_pb_image][et_pb_image src=&#8221;\/wp-content\/uploads\/2023\/06\/InPlace-Solutions-GIS-ratkaisuja-800px.jpg&#8221; align=&#8221;right&#8221; module_class=&#8221;hide&#8211;on&#8211;mobile&#8221; _builder_version=&#8221;4.20.2&#8243; _module_preset=&#8221;default&#8221; width=&#8221;45%&#8221; global_colors_info=&#8221;{}&#8221;][\/et_pb_image][et_pb_image src=&#8221;\/wp-content\/uploads\/2023\/06\/InPlace-Solutions-GIS-ratkaisuja-1000px.jpg&#8221; module_class=&#8221;custom&#8211;image&#8211;margin&#8211;1 hide&#8211;on&#8211;mobile&#8221; _builder_version=&#8221;4.20.2&#8243; _module_preset=&#8221;default&#8221; width=&#8221;50%&#8221; global_colors_info=&#8221;{}&#8221;][\/et_pb_image][\/et_pb_column][et_pb_column type=&#8221;1_2&#8243; module_class=&#8221;vertical-align-flex&#8221; _builder_version=&#8221;4.20.2&#8243; _module_preset=&#8221;default&#8221; transform_scale_last_edited=&#8221;off|phone&#8221; transform_translate_last_edited=&#8221;off|phone&#8221; transform_rotate_last_edited=&#8221;off|phone&#8221; transform_skew_phone=&#8221;-10deg|0deg&#8221; transform_skew_last_edited=&#8221;off|phone&#8221; transform_origin_last_edited=&#8221;off|phone&#8221; transform_styles_last_edited=&#8221;off|phone&#8221; global_colors_info=&#8221;{}&#8221;][et_pb_text admin_label=&#8221;V\u00e4lineet tai palvelu&#8221; module_class=&#8221;mb-0&#8243; _builder_version=&#8221;4.20.2&#8243; _module_preset=&#8221;default&#8221; global_colors_info=&#8221;{}&#8221;]<\/p>\n<h4>Software or Service<\/h4>\n<p>[\/et_pb_text][et_pb_text admin_label=&#8221;Datan ker\u00e4\u00e4minen ja jalostus&#8221; _builder_version=&#8221;4.20.2&#8243; _module_preset=&#8221;default&#8221; global_colors_info=&#8221;{}&#8221;]<\/p>\n<h2>Collecting and processing data<\/h2>\n<p>[\/et_pb_text][et_pb_text _builder_version=&#8221;4.20.2&#8243; _module_preset=&#8221;default&#8221; header_font_size_tablet=&#8221;55px&#8221; header_font_size_last_edited=&#8221;off|desktop&#8221; global_colors_info=&#8221;{}&#8221;]<strong>InPlace Analytics can utilize data collected online or your proprietary data. Or both. You can process the data yourself, or we can do it for you as a service.<\/strong> Our solutions are based on the Information Value Chain. The acquired data can easily be used in other software, e.g. Artificial Intelligence solutions.<\/p>\n<p>You can use our OSINT- and GIS-solutions as a <strong>software<\/strong> or <strong>data service. In case of a software service you will operate the system yourself.<\/strong> We deliver the OSINT- or GIS-solutions as On Premise- or SaaS-services. <\/p>\n<p>If you go for a data service, InPlace Solutions will operate the system for you. In this case you will simply provide us with an information request. In the OSINT-solution we will also handle the data collection for you. In the GIS solutions, you will provide or define the data to be analysed. The service will be carried out under your guidance or independently. We will report back to you on a set schedule and scope based upon your needs.<\/p>\n<p>InPlace Analytics has a map user interface, but that does not mean that it has to be a traditional, geographical map. It can also be an organisational chart, a conceptual chart or even a mind map. Our mission is to provide you with the best method of aiding your cognitive reasoning during processing and analysis.[\/et_pb_text][\/et_pb_column][\/et_pb_row][\/et_pb_section][et_pb_section fb_built=&#8221;1&#8243; module_class=&#8221;content&#8211;section bg-quartiary&#8221; _builder_version=&#8221;4.20.2&#8243; _module_preset=&#8221;default&#8221; global_colors_info=&#8221;{}&#8221;][et_pb_row column_structure=&#8221;1_3,1_3,1_3&#8243; make_equal=&#8221;on&#8221; module_class=&#8221;content&#8211;row&#8221; _builder_version=&#8221;4.20.2&#8243; _module_preset=&#8221;default&#8221; global_colors_info=&#8221;{}&#8221;][et_pb_column type=&#8221;1_3&#8243; module_class=&#8221;bg&#8211;tertiary col&#8211;pad&#8211;30 button&#8211;aligned&#8211;bottom&#8221; _builder_version=&#8221;4.20.2&#8243; _module_preset=&#8221;default&#8221; global_colors_info=&#8221;{}&#8221;][et_pb_image src=&#8221;\/wp-content\/uploads\/2023\/04\/inplacesolutions-cross-icon.png&#8221; _builder_version=&#8221;4.20.2&#8243; _module_preset=&#8221;default&#8221; locked=&#8221;off&#8221; global_colors_info=&#8221;{}&#8221;][\/et_pb_image][et_pb_text admin_label=&#8221;InPlace Analytics OSINT&#8221; module_class=&#8221;mb-0&#8243; _builder_version=&#8221;4.20.2&#8243; _module_preset=&#8221;default&#8221; locked=&#8221;off&#8221; global_colors_info=&#8221;{}&#8221;]<\/p>\n<h4>InPlace Analytics OSINT<\/h4>\n<p>[\/et_pb_text][et_pb_text _builder_version=&#8221;4.20.2&#8243; _module_preset=&#8221;default&#8221; header_font_size_tablet=&#8221;55px&#8221; header_font_size_last_edited=&#8221;off|desktop&#8221; locked=&#8221;off&#8221; global_colors_info=&#8221;{}&#8221;]Exploit Open Sources[\/et_pb_text][et_pb_button button_url=&#8221;\/en\/services\/#inplace-analytics-OSINT&#8221; button_text=&#8221;Find out more&#8221; module_class=&#8221;button&#8211;primary&#8221; _builder_version=&#8221;4.20.2&#8243; _module_preset=&#8221;default&#8221; custom_button=&#8221;on&#8221; locked=&#8221;off&#8221; global_colors_info=&#8221;{}&#8221;][\/et_pb_button][\/et_pb_column][et_pb_column type=&#8221;1_3&#8243; module_class=&#8221;bg&#8211;tertiary col&#8211;pad&#8211;30 button&#8211;aligned&#8211;bottom&#8221; _builder_version=&#8221;4.20.2&#8243; _module_preset=&#8221;default&#8221; global_colors_info=&#8221;{}&#8221;][et_pb_image src=&#8221;\/wp-content\/uploads\/2023\/04\/inplacesolutions-cross-icon.png&#8221; _builder_version=&#8221;4.20.2&#8243; _module_preset=&#8221;default&#8221; locked=&#8221;off&#8221; global_colors_info=&#8221;{}&#8221;][\/et_pb_image][et_pb_text admin_label=&#8221;InPlace Analytics GIS&#8221; module_class=&#8221;mb-0&#8243; _builder_version=&#8221;4.20.2&#8243; _module_preset=&#8221;default&#8221; locked=&#8221;off&#8221; global_colors_info=&#8221;{}&#8221;]<\/p>\n<h4>InPlace Analytics GIS<\/h4>\n<p>[\/et_pb_text][et_pb_text _builder_version=&#8221;4.22.1&#8243; _module_preset=&#8221;default&#8221; hover_enabled=&#8221;0&#8243; header_font_size_tablet=&#8221;55px&#8221; header_font_size_last_edited=&#8221;off|desktop&#8221; locked=&#8221;off&#8221; global_colors_info=&#8221;{}&#8221; sticky_enabled=&#8221;0&#8243;]Utilize existing data[\/et_pb_text][et_pb_button button_url=&#8221;\/en\/services\/#inplace-analytics-GIS&#8221; button_text=&#8221;Find out more&#8221; module_class=&#8221;button&#8211;primary&#8221; _builder_version=&#8221;4.20.2&#8243; _module_preset=&#8221;default&#8221; custom_button=&#8221;on&#8221; locked=&#8221;off&#8221; global_colors_info=&#8221;{}&#8221;][\/et_pb_button][\/et_pb_column][et_pb_column type=&#8221;1_3&#8243; module_class=&#8221;bg&#8211;tertiary col&#8211;pad&#8211;30 button&#8211;aligned&#8211;bottom&#8221; _builder_version=&#8221;4.20.2&#8243; _module_preset=&#8221;default&#8221; global_colors_info=&#8221;{}&#8221;][et_pb_image src=&#8221;\/wp-content\/uploads\/2023\/04\/inplacesolutions-cross-icon.png&#8221; _builder_version=&#8221;4.20.2&#8243; _module_preset=&#8221;default&#8221; locked=&#8221;off&#8221; global_colors_info=&#8221;{}&#8221;][\/et_pb_image][et_pb_text admin_label=&#8221;Tietosuoja&#8221; module_class=&#8221;mb-0&#8243; _builder_version=&#8221;4.20.2&#8243; _module_preset=&#8221;default&#8221; locked=&#8221;off&#8221; global_colors_info=&#8221;{}&#8221;]<\/p>\n<h4>Data protection<\/h4>\n<p>[\/et_pb_text][et_pb_text _builder_version=&#8221;4.20.2&#8243; _module_preset=&#8221;default&#8221; header_font_size_tablet=&#8221;55px&#8221; header_font_size_last_edited=&#8221;off|desktop&#8221; locked=&#8221;off&#8221; global_colors_info=&#8221;{}&#8221;]Evaluating data protection issues is part of our service[\/et_pb_text][et_pb_button button_url=&#8221;\/en\/services\/#data-protection&#8221; button_text=&#8221;Find out more&#8221; module_class=&#8221;button&#8211;primary&#8221; _builder_version=&#8221;4.20.2&#8243; _module_preset=&#8221;default&#8221; custom_button=&#8221;on&#8221; locked=&#8221;off&#8221; global_colors_info=&#8221;{}&#8221;][\/et_pb_button][\/et_pb_column][\/et_pb_row][\/et_pb_section][et_pb_section fb_built=&#8221;1&#8243; admin_label=&#8221;content&#8211;section&#8221; module_class=&#8221;content&#8211;section&#8221; _builder_version=&#8221;4.17.4&#8243; _module_preset=&#8221;default&#8221; background_color=&#8221;#F3F3F3&#8243; collapsed=&#8221;off&#8221; global_colors_info=&#8221;{}&#8221;][et_pb_row module_class=&#8221;content&#8211;row&#8221; _builder_version=&#8221;4.17.4&#8243; _module_preset=&#8221;default&#8221; width_tablet=&#8221;80%&#8221; width_last_edited=&#8221;off|tablet&#8221; global_colors_info=&#8221;{}&#8221;][et_pb_column type=&#8221;4_4&#8243; _builder_version=&#8221;4.17.4&#8243; _module_preset=&#8221;default&#8221; global_colors_info=&#8221;{}&#8221;][et_pb_text admin_label=&#8221;Demon ja keskustelun kautta avautuvat mahdollisuudet &#8221; _builder_version=&#8221;4.21.0&#8243; _module_preset=&#8221;default&#8221; text_orientation=&#8221;center&#8221; module_alignment=&#8221;center&#8221; global_colors_info=&#8221;{}&#8221; width__hover_enabled=&#8221;off|desktop&#8221;]<\/p>\n<h2>Explore the possibilities. <br \/>Ask us for a demonstration <\/h2>\n<p>[\/et_pb_text][et_pb_button button_url=&#8221;\/en\/contact\/&#8221; button_text=&#8221;Contact us&#8221; button_alignment=&#8221;center&#8221; _builder_version=&#8221;4.20.2&#8243; _module_preset=&#8221;default&#8221; custom_button=&#8221;on&#8221; custom_padding=&#8221;14px|20px|14px|20px|true|true&#8221; global_colors_info=&#8221;{}&#8221;][\/et_pb_button][\/et_pb_column][\/et_pb_row][\/et_pb_section]<\/p>\n","protected":false},"excerpt":{"rendered":"<p>From Data to InformationSituational Awareness and Trends to support your decision makingThe InPlace Analytics Portfolio provides OSINT and GIS solutions to create spatiotemporal information as support decision making. You can use our solutions to create a situational awareness of your operational environment and create contexts from trends, phenomena and events that span more than meets [&hellip;]<\/p>\n","protected":false},"author":1,"featured_media":0,"parent":0,"menu_order":0,"comment_status":"closed","ping_status":"closed","template":"","meta":{"_et_pb_use_builder":"on","_et_pb_old_content":"","_et_gb_content_width":"","footnotes":""},"class_list":["post-489","page","type-page","status-publish","hentry"],"yoast_head":"<!-- This site is optimized with the Yoast SEO plugin v27.1.1 - https:\/\/yoast.com\/product\/yoast-seo-wordpress\/ -->\n<title>Situation Awareness and Trends - OSINT, GIS &amp; DPIA<\/title>\n<meta name=\"description\" content=\"InPlace Solutions collects and produces data on Trends and Situation Awaraness for the high demands of leadership use.\" \/>\n<meta name=\"robots\" content=\"index, follow, max-snippet:-1, max-image-preview:large, max-video-preview:-1\" \/>\n<link rel=\"canonical\" href=\"https:\/\/inplace.fi\/en\/\" \/>\n<meta property=\"og:locale\" content=\"en_US\" \/>\n<meta property=\"og:type\" content=\"article\" \/>\n<meta property=\"og:title\" content=\"Situation Awareness and Trends - OSINT, GIS &amp; DPIA\" \/>\n<meta property=\"og:description\" content=\"InPlace Solutions collects and produces data on Trends and Situation Awaraness for the high demands of leadership use.\" \/>\n<meta property=\"og:url\" content=\"https:\/\/inplace.fi\/en\/\" \/>\n<meta property=\"og:site_name\" content=\"InPlace Solutions Ab Oy\" \/>\n<meta property=\"article:modified_time\" content=\"2023-08-24T11:13:28+00:00\" \/>\n<meta name=\"twitter:card\" content=\"summary_large_image\" \/>\n<meta name=\"twitter:label1\" content=\"Est. reading time\" \/>\n\t<meta name=\"twitter:data1\" content=\"5 minutes\" \/>\n<script type=\"application\/ld+json\" class=\"yoast-schema-graph\">{\"@context\":\"https:\/\/schema.org\",\"@graph\":[{\"@type\":\"WebPage\",\"@id\":\"https:\/\/inplace.fi\/en\/\",\"url\":\"https:\/\/inplace.fi\/en\/\",\"name\":\"Situation Awareness and Trends - OSINT, GIS & DPIA\",\"isPartOf\":{\"@id\":\"http:\/\/inplace.fi\/en\/#website\"},\"datePublished\":\"2023-04-17T08:19:42+00:00\",\"dateModified\":\"2023-08-24T11:13:28+00:00\",\"description\":\"InPlace Solutions collects and produces data on Trends and Situation Awaraness for the high demands of leadership use.\",\"breadcrumb\":{\"@id\":\"https:\/\/inplace.fi\/en\/#breadcrumb\"},\"inLanguage\":\"en-US\",\"potentialAction\":[{\"@type\":\"ReadAction\",\"target\":[\"https:\/\/inplace.fi\/en\/\"]}]},{\"@type\":\"BreadcrumbList\",\"@id\":\"https:\/\/inplace.fi\/en\/#breadcrumb\",\"itemListElement\":[{\"@type\":\"ListItem\",\"position\":1,\"name\":\"Home\",\"item\":\"https:\/\/inplace.fi\/en\/\"},{\"@type\":\"ListItem\",\"position\":2,\"name\":\"InPlace Solutions\"}]},{\"@type\":\"WebSite\",\"@id\":\"http:\/\/inplace.fi\/en\/#website\",\"url\":\"http:\/\/inplace.fi\/en\/\",\"name\":\"InPlace Solutions Ab Oy\",\"description\":\"InPlace Solutions Ab Oy\",\"potentialAction\":[{\"@type\":\"SearchAction\",\"target\":{\"@type\":\"EntryPoint\",\"urlTemplate\":\"http:\/\/inplace.fi\/en\/?s={search_term_string}\"},\"query-input\":{\"@type\":\"PropertyValueSpecification\",\"valueRequired\":true,\"valueName\":\"search_term_string\"}}],\"inLanguage\":\"en-US\"}]}<\/script>\n<!-- \/ Yoast SEO plugin. -->","yoast_head_json":{"title":"Situation Awareness and Trends - OSINT, GIS & DPIA","description":"InPlace Solutions collects and produces data on Trends and Situation Awaraness for the high demands of leadership use.","robots":{"index":"index","follow":"follow","max-snippet":"max-snippet:-1","max-image-preview":"max-image-preview:large","max-video-preview":"max-video-preview:-1"},"canonical":"https:\/\/inplace.fi\/en\/","og_locale":"en_US","og_type":"article","og_title":"Situation Awareness and Trends - OSINT, GIS & DPIA","og_description":"InPlace Solutions collects and produces data on Trends and Situation Awaraness for the high demands of leadership use.","og_url":"https:\/\/inplace.fi\/en\/","og_site_name":"InPlace Solutions Ab Oy","article_modified_time":"2023-08-24T11:13:28+00:00","twitter_card":"summary_large_image","twitter_misc":{"Est. reading time":"5 minutes"},"schema":{"@context":"https:\/\/schema.org","@graph":[{"@type":"WebPage","@id":"https:\/\/inplace.fi\/en\/","url":"https:\/\/inplace.fi\/en\/","name":"Situation Awareness and Trends - OSINT, GIS & DPIA","isPartOf":{"@id":"http:\/\/inplace.fi\/en\/#website"},"datePublished":"2023-04-17T08:19:42+00:00","dateModified":"2023-08-24T11:13:28+00:00","description":"InPlace Solutions collects and produces data on Trends and Situation Awaraness for the high demands of leadership use.","breadcrumb":{"@id":"https:\/\/inplace.fi\/en\/#breadcrumb"},"inLanguage":"en-US","potentialAction":[{"@type":"ReadAction","target":["https:\/\/inplace.fi\/en\/"]}]},{"@type":"BreadcrumbList","@id":"https:\/\/inplace.fi\/en\/#breadcrumb","itemListElement":[{"@type":"ListItem","position":1,"name":"Home","item":"https:\/\/inplace.fi\/en\/"},{"@type":"ListItem","position":2,"name":"InPlace Solutions"}]},{"@type":"WebSite","@id":"http:\/\/inplace.fi\/en\/#website","url":"http:\/\/inplace.fi\/en\/","name":"InPlace Solutions Ab Oy","description":"InPlace Solutions Ab Oy","potentialAction":[{"@type":"SearchAction","target":{"@type":"EntryPoint","urlTemplate":"http:\/\/inplace.fi\/en\/?s={search_term_string}"},"query-input":{"@type":"PropertyValueSpecification","valueRequired":true,"valueName":"search_term_string"}}],"inLanguage":"en-US"}]}},"_links":{"self":[{"href":"https:\/\/inplace.fi\/en\/wp-json\/wp\/v2\/pages\/489","targetHints":{"allow":["GET"]}}],"collection":[{"href":"https:\/\/inplace.fi\/en\/wp-json\/wp\/v2\/pages"}],"about":[{"href":"https:\/\/inplace.fi\/en\/wp-json\/wp\/v2\/types\/page"}],"author":[{"embeddable":true,"href":"https:\/\/inplace.fi\/en\/wp-json\/wp\/v2\/users\/1"}],"replies":[{"embeddable":true,"href":"https:\/\/inplace.fi\/en\/wp-json\/wp\/v2\/comments?post=489"}],"version-history":[{"count":3,"href":"https:\/\/inplace.fi\/en\/wp-json\/wp\/v2\/pages\/489\/revisions"}],"predecessor-version":[{"id":669,"href":"https:\/\/inplace.fi\/en\/wp-json\/wp\/v2\/pages\/489\/revisions\/669"}],"wp:attachment":[{"href":"https:\/\/inplace.fi\/en\/wp-json\/wp\/v2\/media?parent=489"}],"curies":[{"name":"wp","href":"https:\/\/api.w.org\/{rel}","templated":true}]}}