{"id":496,"date":"2023-04-17T13:11:21","date_gmt":"2023-04-17T10:11:21","guid":{"rendered":"https:\/\/inplace.fi\/services\/"},"modified":"2023-08-21T11:18:04","modified_gmt":"2023-08-21T08:18:04","slug":"services","status":"publish","type":"page","link":"https:\/\/inplace.fi\/en\/services\/","title":{"rendered":"Services"},"content":{"rendered":"<p>[et_pb_section fb_built=&#8221;1&#8243; admin_label=&#8221;Header&#8221; module_class=&#8221;sub&#8211;page&#8211;header bg-quartiary&#8221; _builder_version=&#8221;4.20.2&#8243; _module_preset=&#8221;default&#8221; background_color=&#8221;#F3F3F3&#8243; collapsed=&#8221;off&#8221; global_colors_info=&#8221;{}&#8221;][et_pb_row module_class=&#8221;sub&#8211;page&#8211;header&#8211;row&#8221; _builder_version=&#8221;4.17.4&#8243; _module_preset=&#8221;default&#8221; global_colors_info=&#8221;{}&#8221;][et_pb_column type=&#8221;4_4&#8243; _builder_version=&#8221;4.17.4&#8243; _module_preset=&#8221;default&#8221; global_colors_info=&#8221;{}&#8221;][et_pb_text _builder_version=&#8221;4.20.2&#8243; _module_preset=&#8221;default&#8221; global_colors_info=&#8221;{}&#8221;]<\/p>\n<h1>Services<\/h1>\n<p>[\/et_pb_text][\/et_pb_column][\/et_pb_row][\/et_pb_section][et_pb_section fb_built=&#8221;1&#8243; admin_label=&#8221;Header&#8221; module_class=&#8221;content&#8211;section bg-quartiary&#8221; _builder_version=&#8221;4.20.2&#8243; _module_preset=&#8221;default&#8221; background_enable_color=&#8221;off&#8221; collapsed=&#8221;off&#8221; global_colors_info=&#8221;{}&#8221;][et_pb_row column_structure=&#8221;1_3,1_3,1_3&#8243; make_equal=&#8221;on&#8221; module_class=&#8221;content&#8211;row&#8221; _builder_version=&#8221;4.20.2&#8243; _module_preset=&#8221;default&#8221; locked=&#8221;off&#8221; global_colors_info=&#8221;{}&#8221;][et_pb_column type=&#8221;1_3&#8243; module_class=&#8221;bg&#8211;tertiary col&#8211;pad&#8211;30 button&#8211;aligned&#8211;bottom&#8221; _builder_version=&#8221;4.20.2&#8243; _module_preset=&#8221;default&#8221; background_enable_color=&#8221;off&#8221; custom_padding_tablet=&#8221;30px|30px|30px|30px|true|true&#8221; custom_padding_phone=&#8221;20px|20px|20px|20px|true|true&#8221; custom_padding_last_edited=&#8221;off|desktop&#8221; global_colors_info=&#8221;{}&#8221;][et_pb_image src=&#8221;\/wp-content\/uploads\/2023\/04\/inplacesolutions-cross-icon.png&#8221; title_text=&#8221;device-repair-icon-6b&#8221; _builder_version=&#8221;4.20.2&#8243; _module_preset=&#8221;default&#8221; locked=&#8221;off&#8221; global_colors_info=&#8221;{}&#8221;][\/et_pb_image][et_pb_text admin_label=&#8221;InPlace Analytics OSINT&#8221; module_class=&#8221;mb-0&#8243; _builder_version=&#8221;4.20.2&#8243; _module_preset=&#8221;default&#8221; locked=&#8221;off&#8221; global_colors_info=&#8221;{}&#8221;]<\/p>\n<h4>InPlace Analytics OSINT<\/h4>\n<p>[\/et_pb_text][et_pb_text _builder_version=&#8221;4.20.2&#8243; _module_preset=&#8221;default&#8221; header_font_size_tablet=&#8221;55px&#8221; header_font_size_last_edited=&#8221;off|desktop&#8221; locked=&#8221;off&#8221; global_colors_info=&#8221;{}&#8221;]Exploit Open Sources[\/et_pb_text][et_pb_button button_url=&#8221;#inplace-analytics-OSINT&#8221; button_text=&#8221;Find out more&#8221; module_class=&#8221;button&#8211;primary&#8221; _builder_version=&#8221;4.20.2&#8243; _module_preset=&#8221;default&#8221; custom_button=&#8221;on&#8221; locked=&#8221;off&#8221; global_colors_info=&#8221;{}&#8221;][\/et_pb_button][\/et_pb_column][et_pb_column type=&#8221;1_3&#8243; module_class=&#8221;bg&#8211;tertiary col&#8211;pad&#8211;30 button&#8211;aligned&#8211;bottom&#8221; _builder_version=&#8221;4.20.2&#8243; _module_preset=&#8221;default&#8221; background_enable_color=&#8221;off&#8221; custom_padding_tablet=&#8221;30px|30px|30px|30px|true|true&#8221; custom_padding_phone=&#8221;20px|20px|20px|20px|true|true&#8221; custom_padding_last_edited=&#8221;off|desktop&#8221; global_colors_info=&#8221;{}&#8221;][et_pb_image src=&#8221;\/wp-content\/uploads\/2023\/04\/inplacesolutions-cross-icon.png&#8221; title_text=&#8221;device-repair-icon-6b&#8221; _builder_version=&#8221;4.20.2&#8243; _module_preset=&#8221;default&#8221; locked=&#8221;off&#8221; global_colors_info=&#8221;{}&#8221;][\/et_pb_image][et_pb_text admin_label=&#8221;InPlace Analytics GIS&#8221; module_class=&#8221;mb-0&#8243; _builder_version=&#8221;4.20.2&#8243; _module_preset=&#8221;default&#8221; locked=&#8221;off&#8221; global_colors_info=&#8221;{}&#8221;]<\/p>\n<h4>InPlace Analytics GIS<\/h4>\n<p>[\/et_pb_text][et_pb_text _builder_version=&#8221;4.22.1&#8243; _module_preset=&#8221;default&#8221; hover_enabled=&#8221;0&#8243; header_font_size_tablet=&#8221;55px&#8221; header_font_size_last_edited=&#8221;off|desktop&#8221; locked=&#8221;off&#8221; global_colors_info=&#8221;{}&#8221; sticky_enabled=&#8221;0&#8243;]Utilize existing data[\/et_pb_text][et_pb_button button_url=&#8221;#inplace-analytics-GIS&#8221; button_text=&#8221;Find out more&#8221; module_class=&#8221;button&#8211;primary&#8221; _builder_version=&#8221;4.20.2&#8243; _module_preset=&#8221;default&#8221; custom_button=&#8221;on&#8221; locked=&#8221;off&#8221; global_colors_info=&#8221;{}&#8221;][\/et_pb_button][\/et_pb_column][et_pb_column type=&#8221;1_3&#8243; module_class=&#8221;bg&#8211;tertiary col&#8211;pad&#8211;30 button&#8211;aligned&#8211;bottom&#8221; _builder_version=&#8221;4.20.2&#8243; _module_preset=&#8221;default&#8221; background_enable_color=&#8221;off&#8221; custom_padding_tablet=&#8221;30px|30px|30px|30px|true|true&#8221; custom_padding_phone=&#8221;20px|20px|20px|20px|true|true&#8221; custom_padding_last_edited=&#8221;off|desktop&#8221; global_colors_info=&#8221;{}&#8221;][et_pb_image src=&#8221;\/wp-content\/uploads\/2023\/04\/inplacesolutions-cross-icon.png&#8221; title_text=&#8221;device-repair-icon-6b&#8221; _builder_version=&#8221;4.20.2&#8243; _module_preset=&#8221;default&#8221; locked=&#8221;off&#8221; global_colors_info=&#8221;{}&#8221;][\/et_pb_image][et_pb_text admin_label=&#8221;Tietosuoja&#8221; module_class=&#8221;mb-0&#8243; _builder_version=&#8221;4.20.2&#8243; _module_preset=&#8221;default&#8221; locked=&#8221;off&#8221; global_colors_info=&#8221;{}&#8221;]<\/p>\n<h4>Data protection<\/h4>\n<p>[\/et_pb_text][et_pb_text _builder_version=&#8221;4.20.2&#8243; _module_preset=&#8221;default&#8221; header_font_size_tablet=&#8221;55px&#8221; header_font_size_last_edited=&#8221;off|desktop&#8221; locked=&#8221;off&#8221; global_colors_info=&#8221;{}&#8221;]Evaluating data protection issues is part of our service[\/et_pb_text][et_pb_button button_url=&#8221;#data-protection&#8221; button_text=&#8221;Find out more&#8221; module_class=&#8221;button&#8211;primary&#8221; _builder_version=&#8221;4.20.2&#8243; _module_preset=&#8221;default&#8221; custom_button=&#8221;on&#8221; locked=&#8221;off&#8221; global_colors_info=&#8221;{}&#8221;][\/et_pb_button][\/et_pb_column][\/et_pb_row][\/et_pb_section][et_pb_section fb_built=&#8221;1&#8243; module_class=&#8221;content&#8211;section&#8221; _builder_version=&#8221;4.20.2&#8243; _module_preset=&#8221;default&#8221; global_colors_info=&#8221;{}&#8221;][et_pb_row column_structure=&#8221;1_2,1_2&#8243; module_id=&#8221;inplace-analytics-OSINT&#8221; module_class=&#8221;content&#8211;row custom_row&#8221; _builder_version=&#8221;4.21.0&#8243; _module_preset=&#8221;default&#8221; global_colors_info=&#8221;{}&#8221;][et_pb_column type=&#8221;1_2&#8243; module_class=&#8221;second-on-mobile&#8221; _builder_version=&#8221;4.21.0&#8243; _module_preset=&#8221;default&#8221; global_colors_info=&#8221;{}&#8221;][et_pb_text admin_label=&#8221;Avointen l\u00e4hteiden hy\u00f6dynt\u00e4minen&#8221; _builder_version=&#8221;4.20.2&#8243; _module_preset=&#8221;default&#8221; global_colors_info=&#8221;{}&#8221;]<\/p>\n<h2>Exploit Open Sources<\/h2>\n<p>[\/et_pb_text][et_pb_text _builder_version=&#8221;4.20.2&#8243; _module_preset=&#8221;default&#8221; header_font_size_tablet=&#8221;55px&#8221; header_font_size_last_edited=&#8221;off|desktop&#8221; global_colors_info=&#8221;{}&#8221;]<strong>The InPlace Analytics OSINT<\/strong> -solution automatically collects data in realtime from open sources on the internet and even from your own databases (if granted proper access). The data collection can be augmented with other external data. The collected data is fused, processed and analysed using advanced spatiotemporal search and visualization tools. A common use case for the OSINT solution is monitoring the information environment with the goal of creating situational awareness within the organisation.[\/et_pb_text][\/et_pb_column][et_pb_column type=&#8221;1_2&#8243; module_class=&#8221;first-on-mobile mobile&#8211;mb-5&#8243; _builder_version=&#8221;4.21.0&#8243; _module_preset=&#8221;default&#8221; global_colors_info=&#8221;{}&#8221;][et_pb_image src=&#8221;\/wp-content\/uploads\/2023\/06\/InPlace-Solutions-OSINT-800px.jpg&#8221; _builder_version=&#8221;4.20.2&#8243; _module_preset=&#8221;default&#8221; width=&#8221;100%&#8221; custom_margin=&#8221;||||false|false&#8221; custom_padding=&#8221;||||false|false&#8221; global_colors_info=&#8221;{}&#8221;][\/et_pb_image][\/et_pb_column][\/et_pb_row][et_pb_row column_structure=&#8221;1_2,1_2&#8243; module_id=&#8221;inplace-analytics-GIS&#8221; module_class=&#8221;content&#8211;row&#8221; _builder_version=&#8221;4.21.0&#8243; _module_preset=&#8221;default&#8221; global_colors_info=&#8221;{}&#8221;][et_pb_column type=&#8221;1_2&#8243; _builder_version=&#8221;4.20.2&#8243; _module_preset=&#8221;default&#8221; global_colors_info=&#8221;{}&#8221;][et_pb_image src=&#8221;\/wp-content\/uploads\/2023\/06\/InPlace-Solutions-GIS-ratkaisuja-nelijo.jpg&#8221; _builder_version=&#8221;4.20.2&#8243; _module_preset=&#8221;default&#8221; width=&#8221;100%&#8221; custom_margin=&#8221;||||false|false&#8221; custom_padding=&#8221;||||false|false&#8221; global_colors_info=&#8221;{}&#8221;][\/et_pb_image][\/et_pb_column][et_pb_column type=&#8221;1_2&#8243; _builder_version=&#8221;4.21.0&#8243; _module_preset=&#8221;default&#8221; global_colors_info=&#8221;{}&#8221;][et_pb_text admin_label=&#8221;Valmiin datan k\u00e4ytt\u00f6&#8221; _builder_version=&#8221;4.22.1&#8243; _module_preset=&#8221;default&#8221; hover_enabled=&#8221;0&#8243; global_colors_info=&#8221;{}&#8221; sticky_enabled=&#8221;0&#8243;]<\/p>\n<h2>Utilizing existing data<\/h2>\n<p>[\/et_pb_text][et_pb_text _builder_version=&#8221;4.20.2&#8243; _module_preset=&#8221;default&#8221; header_font_size_tablet=&#8221;55px&#8221; header_font_size_last_edited=&#8221;off|desktop&#8221; global_colors_info=&#8221;{}&#8221;]<strong>The InPlace Analytics GIS<\/strong> -solution uses already existing data based on location and time. The data is imported into the system, processed and analysed using advanced spatiotemporal search and visualization tools. A common use case for the GIS solution is monitoring usage of resources and analysing spatiotemporal data for Research and Development purposes.[\/et_pb_text][\/et_pb_column][\/et_pb_row][et_pb_row column_structure=&#8221;1_2,1_2&#8243; module_id=&#8221;data-protection&#8221; module_class=&#8221;content&#8211;row custom_row&#8221; _builder_version=&#8221;4.21.0&#8243; _module_preset=&#8221;default&#8221; global_colors_info=&#8221;{}&#8221;][et_pb_column type=&#8221;1_2&#8243; module_class=&#8221;second-on-mobile&#8221; _builder_version=&#8221;4.21.0&#8243; _module_preset=&#8221;default&#8221; global_colors_info=&#8221;{}&#8221;][et_pb_text admin_label=&#8221;Tietosuoja&#8221; _builder_version=&#8221;4.20.2&#8243; _module_preset=&#8221;default&#8221; global_colors_info=&#8221;{}&#8221;]<\/p>\n<h2>Data protection<\/h2>\n<p>[\/et_pb_text][et_pb_text _builder_version=&#8221;4.20.2&#8243; _module_preset=&#8221;default&#8221; header_font_size_tablet=&#8221;55px&#8221; header_font_size_last_edited=&#8221;off|desktop&#8221; global_colors_info=&#8221;{}&#8221;]Data protection is a civil right and we will protect it in all our solutions and services. The DPIA \u2013 Data Protection Impact Assessment &#8211;  is an invaluable tool that helps us protect these rights, in close co-operation with our end customers.<\/p>\n<p>The DPIA includes a description of processing of personal data, an evaluation of the need, scope and risks as well as the mitigating actions that need to be taken. We will use this assessment in order to define InPlace Solution\u2019s and the customer\u2019s roles as data controllers or processors.<\/p>\n<p>When processing personal data, risks arise from four factors: the threat, the threat impact on the individual, the severity of this impact, and the probability of the threat. Our goal is to assess if the residual risk is justified and can be accepted under prevailing circumstances.<\/p>\n<p>A well-prepared and -documented DPIA is the basis for meeting the requirements of the data protection legislation.[\/et_pb_text][\/et_pb_column][et_pb_column type=&#8221;1_2&#8243; module_class=&#8221;first-on-mobile&#8221; _builder_version=&#8221;4.21.0&#8243; _module_preset=&#8221;default&#8221; global_colors_info=&#8221;{}&#8221;][et_pb_image src=&#8221;\/wp-content\/uploads\/2023\/06\/InPlace-Solutions-tietosuoja.jpg&#8221; _builder_version=&#8221;4.20.2&#8243; _module_preset=&#8221;default&#8221; width=&#8221;100%&#8221; custom_margin=&#8221;||||false|false&#8221; custom_padding=&#8221;||||false|false&#8221; global_colors_info=&#8221;{}&#8221;][\/et_pb_image][\/et_pb_column][\/et_pb_row][\/et_pb_section]<\/p>\n","protected":false},"excerpt":{"rendered":"<p>ServicesInPlace Analytics OSINTExploit Open SourcesInPlace Analytics GISUtilize existing dataData protectionEvaluating data protection issues is part of our serviceExploit Open SourcesThe InPlace Analytics OSINT -solution automatically collects data in realtime from open sources on the internet and even from your own databases (if granted proper access). The data collection can be augmented with other external data. [&hellip;]<\/p>\n","protected":false},"author":1,"featured_media":0,"parent":0,"menu_order":0,"comment_status":"closed","ping_status":"closed","template":"","meta":{"_et_pb_use_builder":"on","_et_pb_old_content":"","_et_gb_content_width":"","footnotes":""},"class_list":["post-496","page","type-page","status-publish","hentry"],"yoast_head":"<!-- This site is optimized with the Yoast SEO plugin v27.1.1 - https:\/\/yoast.com\/product\/yoast-seo-wordpress\/ -->\n<title>Spatiotemporal Services - Data Protection, OSINT &amp; GIS<\/title>\n<meta name=\"description\" content=\"InPlace Solutions produces OSINT, GIS and DPIA or Data Protection services for the high demands of leadership.\" \/>\n<meta name=\"robots\" content=\"index, follow, max-snippet:-1, max-image-preview:large, max-video-preview:-1\" \/>\n<link rel=\"canonical\" href=\"https:\/\/inplace.fi\/en\/services\/\" \/>\n<meta property=\"og:locale\" content=\"en_US\" \/>\n<meta property=\"og:type\" content=\"article\" \/>\n<meta property=\"og:title\" content=\"Spatiotemporal Services - Data Protection, OSINT &amp; GIS\" \/>\n<meta property=\"og:description\" content=\"InPlace Solutions produces OSINT, GIS and DPIA or Data Protection services for the high demands of leadership.\" \/>\n<meta property=\"og:url\" content=\"https:\/\/inplace.fi\/en\/services\/\" \/>\n<meta property=\"og:site_name\" content=\"InPlace Solutions Ab Oy\" \/>\n<meta property=\"article:modified_time\" content=\"2023-08-21T08:18:04+00:00\" \/>\n<meta name=\"twitter:card\" content=\"summary_large_image\" \/>\n<meta name=\"twitter:label1\" content=\"Est. reading time\" \/>\n\t<meta name=\"twitter:data1\" content=\"4 minutes\" \/>\n<script type=\"application\/ld+json\" class=\"yoast-schema-graph\">{\"@context\":\"https:\/\/schema.org\",\"@graph\":[{\"@type\":\"WebPage\",\"@id\":\"https:\/\/inplace.fi\/en\/services\/\",\"url\":\"https:\/\/inplace.fi\/en\/services\/\",\"name\":\"Spatiotemporal Services - Data Protection, OSINT & GIS\",\"isPartOf\":{\"@id\":\"http:\/\/inplace.fi\/en\/#website\"},\"datePublished\":\"2023-04-17T10:11:21+00:00\",\"dateModified\":\"2023-08-21T08:18:04+00:00\",\"description\":\"InPlace Solutions produces OSINT, GIS and DPIA or Data Protection services for the high demands of leadership.\",\"breadcrumb\":{\"@id\":\"https:\/\/inplace.fi\/en\/services\/#breadcrumb\"},\"inLanguage\":\"en-US\",\"potentialAction\":[{\"@type\":\"ReadAction\",\"target\":[\"https:\/\/inplace.fi\/en\/services\/\"]}]},{\"@type\":\"BreadcrumbList\",\"@id\":\"https:\/\/inplace.fi\/en\/services\/#breadcrumb\",\"itemListElement\":[{\"@type\":\"ListItem\",\"position\":1,\"name\":\"Home\",\"item\":\"https:\/\/inplace.fi\/en\/\"},{\"@type\":\"ListItem\",\"position\":2,\"name\":\"Services\"}]},{\"@type\":\"WebSite\",\"@id\":\"http:\/\/inplace.fi\/en\/#website\",\"url\":\"http:\/\/inplace.fi\/en\/\",\"name\":\"InPlace Solutions Ab Oy\",\"description\":\"InPlace Solutions Ab Oy\",\"potentialAction\":[{\"@type\":\"SearchAction\",\"target\":{\"@type\":\"EntryPoint\",\"urlTemplate\":\"http:\/\/inplace.fi\/en\/?s={search_term_string}\"},\"query-input\":{\"@type\":\"PropertyValueSpecification\",\"valueRequired\":true,\"valueName\":\"search_term_string\"}}],\"inLanguage\":\"en-US\"}]}<\/script>\n<!-- \/ Yoast SEO plugin. -->","yoast_head_json":{"title":"Spatiotemporal Services - Data Protection, OSINT & GIS","description":"InPlace Solutions produces OSINT, GIS and DPIA or Data Protection services for the high demands of leadership.","robots":{"index":"index","follow":"follow","max-snippet":"max-snippet:-1","max-image-preview":"max-image-preview:large","max-video-preview":"max-video-preview:-1"},"canonical":"https:\/\/inplace.fi\/en\/services\/","og_locale":"en_US","og_type":"article","og_title":"Spatiotemporal Services - Data Protection, OSINT & GIS","og_description":"InPlace Solutions produces OSINT, GIS and DPIA or Data Protection services for the high demands of leadership.","og_url":"https:\/\/inplace.fi\/en\/services\/","og_site_name":"InPlace Solutions Ab Oy","article_modified_time":"2023-08-21T08:18:04+00:00","twitter_card":"summary_large_image","twitter_misc":{"Est. reading time":"4 minutes"},"schema":{"@context":"https:\/\/schema.org","@graph":[{"@type":"WebPage","@id":"https:\/\/inplace.fi\/en\/services\/","url":"https:\/\/inplace.fi\/en\/services\/","name":"Spatiotemporal Services - Data Protection, OSINT & GIS","isPartOf":{"@id":"http:\/\/inplace.fi\/en\/#website"},"datePublished":"2023-04-17T10:11:21+00:00","dateModified":"2023-08-21T08:18:04+00:00","description":"InPlace Solutions produces OSINT, GIS and DPIA or Data Protection services for the high demands of leadership.","breadcrumb":{"@id":"https:\/\/inplace.fi\/en\/services\/#breadcrumb"},"inLanguage":"en-US","potentialAction":[{"@type":"ReadAction","target":["https:\/\/inplace.fi\/en\/services\/"]}]},{"@type":"BreadcrumbList","@id":"https:\/\/inplace.fi\/en\/services\/#breadcrumb","itemListElement":[{"@type":"ListItem","position":1,"name":"Home","item":"https:\/\/inplace.fi\/en\/"},{"@type":"ListItem","position":2,"name":"Services"}]},{"@type":"WebSite","@id":"http:\/\/inplace.fi\/en\/#website","url":"http:\/\/inplace.fi\/en\/","name":"InPlace Solutions Ab Oy","description":"InPlace Solutions Ab Oy","potentialAction":[{"@type":"SearchAction","target":{"@type":"EntryPoint","urlTemplate":"http:\/\/inplace.fi\/en\/?s={search_term_string}"},"query-input":{"@type":"PropertyValueSpecification","valueRequired":true,"valueName":"search_term_string"}}],"inLanguage":"en-US"}]}},"_links":{"self":[{"href":"https:\/\/inplace.fi\/en\/wp-json\/wp\/v2\/pages\/496","targetHints":{"allow":["GET"]}}],"collection":[{"href":"https:\/\/inplace.fi\/en\/wp-json\/wp\/v2\/pages"}],"about":[{"href":"https:\/\/inplace.fi\/en\/wp-json\/wp\/v2\/types\/page"}],"author":[{"embeddable":true,"href":"https:\/\/inplace.fi\/en\/wp-json\/wp\/v2\/users\/1"}],"replies":[{"embeddable":true,"href":"https:\/\/inplace.fi\/en\/wp-json\/wp\/v2\/comments?post=496"}],"version-history":[{"count":3,"href":"https:\/\/inplace.fi\/en\/wp-json\/wp\/v2\/pages\/496\/revisions"}],"predecessor-version":[{"id":663,"href":"https:\/\/inplace.fi\/en\/wp-json\/wp\/v2\/pages\/496\/revisions\/663"}],"wp:attachment":[{"href":"https:\/\/inplace.fi\/en\/wp-json\/wp\/v2\/media?parent=496"}],"curies":[{"name":"wp","href":"https:\/\/api.w.org\/{rel}","templated":true}]}}