{"id":681,"date":"2023-08-29T11:52:13","date_gmt":"2023-08-29T08:52:13","guid":{"rendered":"https:\/\/inplace.fi\/evastekaytanto-eu\/"},"modified":"2023-08-29T11:58:33","modified_gmt":"2023-08-29T08:58:33","slug":"evastekaytanto-eu","status":"publish","type":"page","link":"https:\/\/inplace.fi\/en\/evastekaytanto-eu\/","title":{"rendered":"Ev\u00e4stek\u00e4yt\u00e4nt\u00f6 (EU)"},"content":{"rendered":"<p>[et_pb_section fb_built=&#8221;1&#8243; _builder_version=&#8221;4.22.1&#8243; _module_preset=&#8221;default&#8221; global_colors_info=&#8221;{}&#8221;][et_pb_row _builder_version=&#8221;4.22.1&#8243; _module_preset=&#8221;default&#8221; global_colors_info=&#8221;{}&#8221;][et_pb_column type=&#8221;4_4&#8243; _builder_version=&#8221;4.22.1&#8243; _module_preset=&#8221;default&#8221; global_colors_info=&#8221;{}&#8221;][et_pb_text _builder_version=&#8221;4.22.1&#8243; _module_preset=&#8221;default&#8221; hover_enabled=&#8221;0&#8243; global_colors_info=&#8221;{}&#8221; sticky_enabled=&#8221;0&#8243;]\n<!-- Legal document generated by Complianz | GDPR\/CCPA Cookie Consent https:\/\/wordpress.org\/plugins\/complianz-gdpr -->\n<div id=\"cmplz-document\" class=\"cmplz-document privacy-statement cmplz-document-eu\"><\/div>[\/et_pb_text][\/et_pb_column][\/et_pb_row][\/et_pb_section]<\/p>\n","protected":false},"excerpt":{"rendered":"\n<!-- Legal document generated by Complianz | GDPR\/CCPA Cookie Consent https:\/\/wordpress.org\/plugins\/complianz-gdpr -->\n<div id=\"cmplz-document\" class=\"cmplz-document privacy-statement cmplz-document-eu\"><\/div>\n","protected":false},"author":1,"featured_media":0,"parent":0,"menu_order":0,"comment_status":"closed","ping_status":"closed","template":"","meta":{"_et_pb_use_builder":"on","_et_pb_old_content":"<!-- wp:complianz\/document {\"title\":\"Ev\u00e4stek\u00e4yt\u00e4nt\u00f6 (EU)\",\"selectedDocument\":\"cookie-statement\"} \/-->","_et_gb_content_width":"","footnotes":""},"class_list":["post-681","page","type-page","status-publish","hentry"],"yoast_head":"<!-- This site is optimized with the Yoast SEO plugin v27.1.1 - https:\/\/yoast.com\/product\/yoast-seo-wordpress\/ -->\n<title>Ev\u00e4stek\u00e4yt\u00e4nt\u00f6 (EU) - InPlace Solutions Ab Oy<\/title>\n<meta name=\"robots\" content=\"index, follow, max-snippet:-1, max-image-preview:large, max-video-preview:-1\" \/>\n<link rel=\"canonical\" href=\"https:\/\/inplace.fi\/en\/evastekaytanto-eu\/\" \/>\n<meta property=\"og:locale\" content=\"en_US\" \/>\n<meta property=\"og:type\" content=\"article\" \/>\n<meta property=\"og:title\" content=\"Ev\u00e4stek\u00e4yt\u00e4nt\u00f6 (EU) - InPlace Solutions Ab Oy\" \/>\n<meta property=\"og:url\" content=\"https:\/\/inplace.fi\/en\/evastekaytanto-eu\/\" \/>\n<meta property=\"og:site_name\" content=\"InPlace Solutions Ab Oy\" \/>\n<meta property=\"article:modified_time\" content=\"2023-08-29T08:58:33+00:00\" \/>\n<meta name=\"twitter:card\" content=\"summary_large_image\" \/>\n<meta name=\"twitter:description\" content=\"[cmplz-document type=&quot;privacy-statement&quot;]\" \/>\n<meta name=\"twitter:label1\" content=\"Est. reading time\" \/>\n\t<meta name=\"twitter:data1\" content=\"1 minute\" \/>\n<script type=\"application\/ld+json\" class=\"yoast-schema-graph\">{\"@context\":\"https:\/\/schema.org\",\"@graph\":[{\"@type\":\"WebPage\",\"@id\":\"https:\/\/inplace.fi\/en\/evastekaytanto-eu\/\",\"url\":\"https:\/\/inplace.fi\/en\/evastekaytanto-eu\/\",\"name\":\"Ev\u00e4stek\u00e4yt\u00e4nt\u00f6 (EU) - InPlace Solutions Ab Oy\",\"isPartOf\":{\"@id\":\"http:\/\/inplace.fi\/en\/#website\"},\"datePublished\":\"2023-08-29T08:52:13+00:00\",\"dateModified\":\"2023-08-29T08:58:33+00:00\",\"breadcrumb\":{\"@id\":\"https:\/\/inplace.fi\/en\/evastekaytanto-eu\/#breadcrumb\"},\"inLanguage\":\"en-US\",\"potentialAction\":[{\"@type\":\"ReadAction\",\"target\":[\"https:\/\/inplace.fi\/en\/evastekaytanto-eu\/\"]}]},{\"@type\":\"BreadcrumbList\",\"@id\":\"https:\/\/inplace.fi\/en\/evastekaytanto-eu\/#breadcrumb\",\"itemListElement\":[{\"@type\":\"ListItem\",\"position\":1,\"name\":\"Home\",\"item\":\"https:\/\/inplace.fi\/en\/\"},{\"@type\":\"ListItem\",\"position\":2,\"name\":\"Ev\u00e4stek\u00e4yt\u00e4nt\u00f6 (EU)\"}]},{\"@type\":\"WebSite\",\"@id\":\"http:\/\/inplace.fi\/en\/#website\",\"url\":\"http:\/\/inplace.fi\/en\/\",\"name\":\"InPlace Solutions Ab Oy\",\"description\":\"InPlace Solutions Ab Oy\",\"potentialAction\":[{\"@type\":\"SearchAction\",\"target\":{\"@type\":\"EntryPoint\",\"urlTemplate\":\"http:\/\/inplace.fi\/en\/?s={search_term_string}\"},\"query-input\":{\"@type\":\"PropertyValueSpecification\",\"valueRequired\":true,\"valueName\":\"search_term_string\"}}],\"inLanguage\":\"en-US\"}]}<\/script>\n<!-- \/ Yoast SEO plugin. -->","yoast_head_json":{"title":"Ev\u00e4stek\u00e4yt\u00e4nt\u00f6 (EU) - InPlace Solutions Ab Oy","robots":{"index":"index","follow":"follow","max-snippet":"max-snippet:-1","max-image-preview":"max-image-preview:large","max-video-preview":"max-video-preview:-1"},"canonical":"https:\/\/inplace.fi\/en\/evastekaytanto-eu\/","og_locale":"en_US","og_type":"article","og_title":"Ev\u00e4stek\u00e4yt\u00e4nt\u00f6 (EU) - InPlace Solutions Ab Oy","og_url":"https:\/\/inplace.fi\/en\/evastekaytanto-eu\/","og_site_name":"InPlace Solutions Ab Oy","article_modified_time":"2023-08-29T08:58:33+00:00","twitter_card":"summary_large_image","twitter_description":"[cmplz-document type=\"privacy-statement\"]","twitter_misc":{"Est. reading time":"1 minute"},"schema":{"@context":"https:\/\/schema.org","@graph":[{"@type":"WebPage","@id":"https:\/\/inplace.fi\/en\/evastekaytanto-eu\/","url":"https:\/\/inplace.fi\/en\/evastekaytanto-eu\/","name":"Ev\u00e4stek\u00e4yt\u00e4nt\u00f6 (EU) - InPlace Solutions Ab Oy","isPartOf":{"@id":"http:\/\/inplace.fi\/en\/#website"},"datePublished":"2023-08-29T08:52:13+00:00","dateModified":"2023-08-29T08:58:33+00:00","breadcrumb":{"@id":"https:\/\/inplace.fi\/en\/evastekaytanto-eu\/#breadcrumb"},"inLanguage":"en-US","potentialAction":[{"@type":"ReadAction","target":["https:\/\/inplace.fi\/en\/evastekaytanto-eu\/"]}]},{"@type":"BreadcrumbList","@id":"https:\/\/inplace.fi\/en\/evastekaytanto-eu\/#breadcrumb","itemListElement":[{"@type":"ListItem","position":1,"name":"Home","item":"https:\/\/inplace.fi\/en\/"},{"@type":"ListItem","position":2,"name":"Ev\u00e4stek\u00e4yt\u00e4nt\u00f6 (EU)"}]},{"@type":"WebSite","@id":"http:\/\/inplace.fi\/en\/#website","url":"http:\/\/inplace.fi\/en\/","name":"InPlace Solutions Ab Oy","description":"InPlace Solutions Ab Oy","potentialAction":[{"@type":"SearchAction","target":{"@type":"EntryPoint","urlTemplate":"http:\/\/inplace.fi\/en\/?s={search_term_string}"},"query-input":{"@type":"PropertyValueSpecification","valueRequired":true,"valueName":"search_term_string"}}],"inLanguage":"en-US"}]}},"_links":{"self":[{"href":"https:\/\/inplace.fi\/en\/wp-json\/wp\/v2\/pages\/681","targetHints":{"allow":["GET"]}}],"collection":[{"href":"https:\/\/inplace.fi\/en\/wp-json\/wp\/v2\/pages"}],"about":[{"href":"https:\/\/inplace.fi\/en\/wp-json\/wp\/v2\/types\/page"}],"author":[{"embeddable":true,"href":"https:\/\/inplace.fi\/en\/wp-json\/wp\/v2\/users\/1"}],"replies":[{"embeddable":true,"href":"https:\/\/inplace.fi\/en\/wp-json\/wp\/v2\/comments?post=681"}],"version-history":[{"count":2,"href":"https:\/\/inplace.fi\/en\/wp-json\/wp\/v2\/pages\/681\/revisions"}],"predecessor-version":[{"id":686,"href":"https:\/\/inplace.fi\/en\/wp-json\/wp\/v2\/pages\/681\/revisions\/686"}],"wp:attachment":[{"href":"https:\/\/inplace.fi\/en\/wp-json\/wp\/v2\/media?parent=681"}],"curies":[{"name":"wp","href":"https:\/\/api.w.org\/{rel}","templated":true}]}}